{"id":321,"date":"2025-03-24T20:03:35","date_gmt":"2025-03-24T19:03:35","guid":{"rendered":"https:\/\/fractionary.be\/?page_id=321"},"modified":"2025-10-08T16:01:48","modified_gmt":"2025-10-08T14:01:48","slug":"akiba","status":"publish","type":"page","link":"https:\/\/fractionary.be\/index.php\/video\/akiba\/","title":{"rendered":"Akiba"},"content":{"rendered":"<div id=\"pl-321\"  class=\"panel-layout\" ><div id=\"pg-321-0\"  class=\"panel-grid panel-no-style\" ><div id=\"pgc-321-0-0\"  class=\"panel-grid-cell\" ><div id=\"panel-321-0-0-0\" class=\"so-panel widget widget_sow-headline panel-first-child panel-last-child\" data-index=\"0\" ><div class=\"panel-widget-style panel-widget-style-for-321-0-0-0\" ><div\n\t\t\t\n\t\t\tclass=\"so-widget-sow-headline so-widget-sow-headline-default-55d335a8c113-321\"\n\t\t\t\n\t\t><div class=\"sow-headline-container \">\n\t\t\t\t\t\t\t<h3 class=\"sow-headline\">\n\t\t\t\t\t\t\u26a0\ufe0f Plus limpide, plus clair, plus intuitif : la meilleur fa\u00e7on de visionner nos vid\u00e9os, c'est sur Instagram et Facebook. \ud83d\udc79\u26a0\ufe0f\t\t\t\t\t\t<\/h3>\n\t\t\t\t\t\t\t\t\t\t\t<div class=\"decoration\">\n\t\t\t\t\t\t<div class=\"decoration-inside\"><\/div>\n\t\t\t\t\t<\/div>\n\t\t\t\t\t<\/div>\n<\/div><\/div><\/div><\/div><\/div><div id=\"pg-321-1\"  class=\"panel-grid panel-no-style\" ><div id=\"pgc-321-1-0\"  class=\"panel-grid-cell\" ><div id=\"panel-321-1-0-0\" class=\"so-panel widget widget_sow-headline panel-first-child panel-last-child\" data-index=\"1\" ><div\n\t\t\t\n\t\t\tclass=\"so-widget-sow-headline so-widget-sow-headline-default-ec1eb4cebc48-321\"\n\t\t\t\n\t\t><div class=\"sow-headline-container \">\n\t\t\t\t\t\t\t<h2 class=\"sow-headline\">\n\t\t\t\t\t\tAkiba R\u00e8gles\t\t\t\t\t\t<\/h2>\n\t\t\t\t\t\t\t\t\t\t\t<div class=\"decoration\">\n\t\t\t\t\t\t<div class=\"decoration-inside\"><\/div>\n\t\t\t\t\t<\/div>\n\t\t\t\t\t\t\t\t\t\t\t<h3 class=\"sow-sub-headline\">\n\t\t\t\t\t\tvid\u00e9o explicatives concernant les r\u00e8gles de l'akiba\t\t\t\t\t\t<\/h3>\n\t\t\t\t\t\t<\/div>\n<\/div><\/div><\/div><div id=\"pgc-321-1-1\"  class=\"panel-grid-cell\" ><div id=\"panel-321-1-1-0\" class=\"so-panel widget widget_media_video panel-first-child panel-last-child\" data-index=\"2\" ><div class=\"so-rounded panel-widget-style panel-widget-style-for-321-1-1-0\" ><div style=\"width:100%;\" class=\"wp-video\"><!--[if lt IE 9]><script>document.createElement('video');<\/script><![endif]-->\n<video class=\"wp-video-shortcode\" id=\"video-321-1\" preload=\"metadata\" controls=\"controls\"><source type=\"video\/mp4\" src=\"https:\/\/fractionary.be\/wp-content\/uploads\/2024\/07\/WhatsApp-Video-2024-06-27-at-09.29.23.mp4?_=1\" \/><source type=\"video\/mp4\" src=\"https:\/\/fractionary.be\/wp-content\/uploads\/2024\/07\/WhatsApp-Video-2024-06-27-at-09.29.23.mp4?_=1\" \/><a href=\"https:\/\/fractionary.be\/wp-content\/uploads\/2024\/07\/WhatsApp-Video-2024-06-27-at-09.29.23.mp4\">https:\/\/fractionary.be\/wp-content\/uploads\/2024\/07\/WhatsApp-Video-2024-06-27-at-09.29.23.mp4<\/a><\/video><\/div><\/div><\/div><\/div><\/div><div id=\"pg-321-2\"  class=\"panel-grid panel-no-style\" ><div id=\"pgc-321-2-0\"  class=\"panel-grid-cell\" ><div id=\"panel-321-2-0-0\" class=\"so-panel widget widget_sow-headline panel-first-child panel-last-child\" data-index=\"3\" ><div\n\t\t\t\n\t\t\tclass=\"so-widget-sow-headline so-widget-sow-headline-default-ec1eb4cebc48-321\"\n\t\t\t\n\t\t><div class=\"sow-headline-container \">\n\t\t\t\t\t\t\t<h2 class=\"sow-headline\">\n\t\t\t\t\t\tPartie d'Akiba\t\t\t\t\t\t<\/h2>\n\t\t\t\t\t\t\t\t\t\t\t<div class=\"decoration\">\n\t\t\t\t\t\t<div class=\"decoration-inside\"><\/div>\n\t\t\t\t\t<\/div>\n\t\t\t\t\t\t\t\t\t\t\t<h3 class=\"sow-sub-headline\">\n\t\t\t\t\t\tVid\u00e9o montrant une partie akiba\t\t\t\t\t\t<\/h3>\n\t\t\t\t\t\t<\/div>\n<\/div><\/div><\/div><div id=\"pgc-321-2-1\"  class=\"panel-grid-cell\" ><div id=\"panel-321-2-1-0\" class=\"so-panel widget widget_media_video panel-first-child panel-last-child\" data-index=\"4\" ><div style=\"width:100%;\" class=\"wp-video\"><video class=\"wp-video-shortcode\" id=\"video-321-2\" preload=\"metadata\" controls=\"controls\"><source type=\"video\/mp4\" src=\"https:\/\/fractionary.be\/wp-content\/uploads\/2024\/07\/WhatsApp-Video-2024-06-27-at-21.57.32.mp4?_=2\" \/><source type=\"video\/mp4\" src=\"https:\/\/fractionary.be\/wp-content\/uploads\/2024\/07\/WhatsApp-Video-2024-06-27-at-21.57.32.mp4?_=2\" \/><a href=\"https:\/\/fractionary.be\/wp-content\/uploads\/2024\/07\/WhatsApp-Video-2024-06-27-at-21.57.32.mp4\">https:\/\/fractionary.be\/wp-content\/uploads\/2024\/07\/WhatsApp-Video-2024-06-27-at-21.57.32.mp4<\/a><\/video><\/div><\/div><\/div><\/div><\/div>","protected":false},"excerpt":{"rendered":"<p>\u26a0\ufe0f Plus limpide, plus clair, plus intuitif : la meilleur fa\u00e7on de visionner nos vid\u00e9os, c&#8217;est sur Instagram et Facebook. \ud83d\udc79\u26a0\ufe0f Akiba R\u00e8gles vid\u00e9o explicatives concernant les r\u00e8gles de l&#8217;akiba [&hellip;]<\/p>\n","protected":false},"author":3,"featured_media":0,"parent":100,"menu_order":0,"comment_status":"closed","ping_status":"closed","template":"","meta":{"footnotes":""},"class_list":["post-321","page","type-page","status-publish","hentry"],"jetpack_sharing_enabled":true,"_links":{"self":[{"href":"https:\/\/fractionary.be\/index.php\/wp-json\/wp\/v2\/pages\/321","targetHints":{"allow":["GET"]}}],"collection":[{"href":"https:\/\/fractionary.be\/index.php\/wp-json\/wp\/v2\/pages"}],"about":[{"href":"https:\/\/fractionary.be\/index.php\/wp-json\/wp\/v2\/types\/page"}],"author":[{"embeddable":true,"href":"https:\/\/fractionary.be\/index.php\/wp-json\/wp\/v2\/users\/3"}],"replies":[{"embeddable":true,"href":"https:\/\/fractionary.be\/index.php\/wp-json\/wp\/v2\/comments?post=321"}],"version-history":[{"count":20,"href":"https:\/\/fractionary.be\/index.php\/wp-json\/wp\/v2\/pages\/321\/revisions"}],"predecessor-version":[{"id":487,"href":"https:\/\/fractionary.be\/index.php\/wp-json\/wp\/v2\/pages\/321\/revisions\/487"}],"up":[{"embeddable":true,"href":"https:\/\/fractionary.be\/index.php\/wp-json\/wp\/v2\/pages\/100"}],"wp:attachment":[{"href":"https:\/\/fractionary.be\/index.php\/wp-json\/wp\/v2\/media?parent=321"}],"curies":[{"name":"wp","href":"https:\/\/api.w.org\/{rel}","templated":true}]}}