{"id":326,"date":"2025-03-24T20:10:37","date_gmt":"2025-03-24T19:10:37","guid":{"rendered":"https:\/\/fractionary.be\/?page_id=326"},"modified":"2026-01-08T15:51:55","modified_gmt":"2026-01-08T14:51:55","slug":"fractionary","status":"publish","type":"page","link":"https:\/\/fractionary.be\/index.php\/video\/fractionary\/","title":{"rendered":"Fractionary &#8211; vid\u00e9os"},"content":{"rendered":"<div id=\"pl-326\"  class=\"panel-layout\" ><div id=\"pg-326-0\"  class=\"panel-grid panel-no-style\" ><div id=\"pgc-326-0-0\"  class=\"panel-grid-cell\" ><div id=\"panel-326-0-0-0\" class=\"so-panel widget widget_sow-headline panel-first-child panel-last-child\" data-index=\"0\" ><div class=\"panel-widget-style panel-widget-style-for-326-0-0-0\" ><div\n\t\t\t\n\t\t\tclass=\"so-widget-sow-headline so-widget-sow-headline-default-55d335a8c113-326\"\n\t\t\t\n\t\t><div class=\"sow-headline-container \">\n\t\t\t\t\t\t\t<h3 class=\"sow-headline\">\n\t\t\t\t\t\t\u26a0\ufe0f Plus limpide, plus clair, plus intuitif : la meilleur fa\u00e7on de visionner nos vid\u00e9os, c'est sur Instagram et Facebook. \ud83d\udc79\u26a0\ufe0f\t\t\t\t\t\t<\/h3>\n\t\t\t\t\t\t\t\t\t\t\t<div class=\"decoration\">\n\t\t\t\t\t\t<div class=\"decoration-inside\"><\/div>\n\t\t\t\t\t<\/div>\n\t\t\t\t\t<\/div>\n<\/div><\/div><\/div><\/div><\/div><div id=\"pg-326-1\"  class=\"panel-grid panel-no-style\" ><div id=\"pgc-326-1-0\"  class=\"panel-grid-cell panel-grid-cell-empty\" ><\/div><div id=\"pgc-326-1-1\"  class=\"panel-grid-cell panel-grid-cell-mobile-last\" ><div id=\"panel-326-1-1-0\" class=\"so-panel widget widget_media_video panel-first-child\" data-index=\"1\" ><h3 class=\"widget-title\">\u2b07\ufe0f<\/h3><div style=\"width:100%;\" class=\"wp-video\"><!--[if lt IE 9]><script>document.createElement('video');<\/script><![endif]-->\n<video class=\"wp-video-shortcode\" id=\"video-326-1\" preload=\"metadata\" controls=\"controls\"><source type=\"video\/youtube\" src=\"https:\/\/www.youtube.com\/watch?v=CdQVU4EFRKw&#038;_=1\" \/><a href=\"https:\/\/www.youtube.com\/watch?v=CdQVU4EFRKw\">https:\/\/www.youtube.com\/watch?v=CdQVU4EFRKw<\/a><\/video><\/div><\/div><div id=\"panel-326-1-1-1\" class=\"so-panel widget widget_media_video\" data-index=\"2\" ><div class=\"panel-widget-style panel-widget-style-for-326-1-1-1\" ><h3 class=\"widget-title\">A 5 ans \u00c9l\u00e9anore rel\u00e8ve le d\u00e9fi du plateau chat \ud83d\udc31: placer 23 blocs impos\u00e9s \u2026 \u2b07\ufe0f<\/h3><div style=\"width:100%;\" class=\"wp-video\"><video class=\"wp-video-shortcode\" id=\"video-326-2\" preload=\"metadata\" controls=\"controls\"><source type=\"video\/mp4\" src=\"https:\/\/fractionary.be\/wp-content\/uploads\/2026\/01\/a-5-ans-Eleanore-releve-le-defis-du-plateau-chat-\ud83d\udc31-placer-23-blocs-imposes-.mp4?_=2\" \/><source type=\"video\/mp4\" src=\"https:\/\/fractionary.be\/wp-content\/uploads\/2026\/01\/a-5-ans-Eleanore-releve-le-defis-du-plateau-chat-\ud83d\udc31-placer-23-blocs-imposes-.mp4?_=2\" \/><a href=\"https:\/\/fractionary.be\/wp-content\/uploads\/2026\/01\/a-5-ans-Eleanore-releve-le-defis-du-plateau-chat-\ud83d\udc31-placer-23-blocs-imposes-.mp4\">https:\/\/fractionary.be\/wp-content\/uploads\/2026\/01\/a-5-ans-Eleanore-releve-le-defis-du-plateau-chat-\ud83d\udc31-placer-23-blocs-imposes-.mp4<\/a><\/video><\/div><\/div><\/div><div id=\"panel-326-1-1-2\" class=\"so-panel widget widget_media_video\" data-index=\"3\" ><div class=\"panel-widget-style panel-widget-style-for-326-1-1-2\" ><h3 class=\"widget-title\">\u2b07\ufe0f \u00ab Orienter 3 blocs sans axe de sym\u00e9trie. Partie 1 : la ROUE.\u00a0\u00bb<\/h3><div style=\"width:100%;\" class=\"wp-video\"><video class=\"wp-video-shortcode\" id=\"video-326-3\" preload=\"metadata\" controls=\"controls\"><source type=\"video\/mp4\" src=\"https:\/\/fractionary.be\/wp-content\/uploads\/2025\/10\/Sans-titre-1080-x-1080-px-1920-x-1080-px-Video-mobile.mp4?_=3\" \/><source type=\"video\/mp4\" src=\"https:\/\/fractionary.be\/wp-content\/uploads\/2025\/10\/Sans-titre-1080-x-1080-px-1920-x-1080-px-Video-mobile.mp4?_=3\" \/><a href=\"https:\/\/fractionary.be\/wp-content\/uploads\/2025\/10\/Sans-titre-1080-x-1080-px-1920-x-1080-px-Video-mobile.mp4\">https:\/\/fractionary.be\/wp-content\/uploads\/2025\/10\/Sans-titre-1080-x-1080-px-1920-x-1080-px-Video-mobile.mp4<\/a><\/video><\/div><\/div><\/div><div id=\"panel-326-1-1-3\" class=\"so-panel widget widget_media_video\" data-index=\"4\" ><div class=\"panel-widget-style panel-widget-style-for-326-1-1-3\" ><h3 class=\"widget-title\">\u00ab\u00a0En classe, Utilisation des cartes avec les blocs dessin\u00e9s en taille r\u00e9elle\u00a0\u00bb \u2b07\ufe0f<\/h3><div style=\"width:100%;\" class=\"wp-video\"><video class=\"wp-video-shortcode\" id=\"video-326-4\" preload=\"metadata\" controls=\"controls\"><source type=\"video\/mp4\" src=\"https:\/\/fractionary.be\/wp-content\/uploads\/2025\/10\/Sans-titre-1080-x-1080-px-1.mp4?_=4\" \/><source type=\"video\/mp4\" src=\"https:\/\/fractionary.be\/wp-content\/uploads\/2025\/10\/Sans-titre-1080-x-1080-px-1.mp4?_=4\" \/><a href=\"https:\/\/fractionary.be\/wp-content\/uploads\/2025\/10\/Sans-titre-1080-x-1080-px-1.mp4\">https:\/\/fractionary.be\/wp-content\/uploads\/2025\/10\/Sans-titre-1080-x-1080-px-1.mp4<\/a><\/video><\/div><\/div><\/div><div id=\"panel-326-1-1-4\" class=\"so-panel widget widget_media_video\" data-index=\"5\" ><div class=\"panel-widget-style panel-widget-style-for-326-1-1-4\" ><h3 class=\"widget-title\">L\u00e0 o\u00f9 la m\u00e9thode devient efficace \u2b07\ufe0f\ud83d\ude80\ud83e\uddf8<\/h3><div style=\"width:100%;\" class=\"wp-video\"><video class=\"wp-video-shortcode\" id=\"video-326-5\" preload=\"metadata\" controls=\"controls\"><source type=\"video\/mp4\" src=\"https:\/\/fractionary.be\/wp-content\/uploads\/2025\/08\/Votre-texte-de-paragraphe.mp4?_=5\" \/><source type=\"video\/mp4\" src=\"https:\/\/fractionary.be\/wp-content\/uploads\/2025\/08\/Votre-texte-de-paragraphe.mp4?_=5\" \/><a href=\"https:\/\/fractionary.be\/wp-content\/uploads\/2025\/08\/Votre-texte-de-paragraphe.mp4\">https:\/\/fractionary.be\/wp-content\/uploads\/2025\/08\/Votre-texte-de-paragraphe.mp4<\/a><\/video><\/div><\/div><\/div><div id=\"panel-326-1-1-5\" class=\"so-panel widget widget_media_video\" data-index=\"6\" ><div class=\"panel-widget-style panel-widget-style-for-326-1-1-5\" ><h3 class=\"widget-title\">Addition de fractions diff\u00e9rentes. Mettre au m\u00eame d\u00e9nominateur. \u2b07\ufe0f<\/h3><div style=\"width:100%;\" class=\"wp-video\"><video class=\"wp-video-shortcode\" id=\"video-326-6\" preload=\"metadata\" controls=\"controls\"><source type=\"video\/mp4\" src=\"https:\/\/fractionary.be\/wp-content\/uploads\/2025\/07\/Addition-de-fractions-differentes.mp4?_=6\" \/><source type=\"video\/mp4\" src=\"https:\/\/fractionary.be\/wp-content\/uploads\/2025\/07\/Addition-de-fractions-differentes.mp4?_=6\" \/><a href=\"https:\/\/fractionary.be\/wp-content\/uploads\/2025\/07\/Addition-de-fractions-differentes.mp4\">https:\/\/fractionary.be\/wp-content\/uploads\/2025\/07\/Addition-de-fractions-differentes.mp4<\/a><\/video><\/div><\/div><\/div><div id=\"panel-326-1-1-6\" class=\"so-panel widget widget_media_video\" data-index=\"7\" ><h3 class=\"widget-title\">La jambe de pantalon. Activit\u00e9 : \u2b07\ufe0f<\/h3><div style=\"width:100%;\" class=\"wp-video\"><video class=\"wp-video-shortcode\" id=\"video-326-7\" preload=\"metadata\" controls=\"controls\"><source type=\"video\/mp4\" src=\"https:\/\/fractionary.be\/wp-content\/uploads\/2025\/04\/La-jambe-de-pantalon.-Activite.mp4?_=7\" \/><source type=\"video\/mp4\" src=\"https:\/\/fractionary.be\/wp-content\/uploads\/2025\/04\/La-jambe-de-pantalon.-Activite.mp4?_=7\" \/><a href=\"https:\/\/fractionary.be\/wp-content\/uploads\/2025\/04\/La-jambe-de-pantalon.-Activite.mp4\">https:\/\/fractionary.be\/wp-content\/uploads\/2025\/04\/La-jambe-de-pantalon.-Activite.mp4<\/a><\/video><\/div><\/div><div id=\"panel-326-1-1-7\" class=\"so-panel widget widget_media_video\" data-index=\"8\" ><h3 class=\"widget-title\">Encastrement \/ casse-t\u00eate dans des plateaux. \u2b07\ufe0f<\/h3><div style=\"width:100%;\" class=\"wp-video\"><video class=\"wp-video-shortcode\" id=\"video-326-8\" preload=\"metadata\" controls=\"controls\"><source type=\"video\/mp4\" src=\"https:\/\/fractionary.be\/wp-content\/uploads\/2025\/04\/fiche-s-fractionary.mp4?_=8\" \/><source type=\"video\/mp4\" src=\"https:\/\/fractionary.be\/wp-content\/uploads\/2025\/04\/fiche-s-fractionary.mp4?_=8\" \/><a href=\"https:\/\/fractionary.be\/wp-content\/uploads\/2025\/04\/fiche-s-fractionary.mp4\">https:\/\/fractionary.be\/wp-content\/uploads\/2025\/04\/fiche-s-fractionary.mp4<\/a><\/video><\/div><\/div><div id=\"panel-326-1-1-8\" class=\"so-panel widget widget_media_video\" data-index=\"9\" ><h3 class=\"widget-title\">Comment nommer les blocs ? \u2b07\ufe0f<\/h3><div style=\"width:100%;\" class=\"wp-video\"><video class=\"wp-video-shortcode\" id=\"video-326-9\" preload=\"metadata\" controls=\"controls\"><source type=\"video\/mp4\" src=\"https:\/\/fractionary.be\/wp-content\/uploads\/2025\/03\/nommer-les-block-marc-solo.mp4?_=9\" \/><source type=\"video\/mp4\" src=\"https:\/\/fractionary.be\/wp-content\/uploads\/2025\/03\/nommer-les-block-marc-solo.mp4?_=9\" \/><a href=\"https:\/\/fractionary.be\/wp-content\/uploads\/2025\/03\/nommer-les-block-marc-solo.mp4\">https:\/\/fractionary.be\/wp-content\/uploads\/2025\/03\/nommer-les-block-marc-solo.mp4<\/a><\/video><\/div><\/div><div id=\"panel-326-1-1-9\" class=\"so-panel widget widget_media_video\" data-index=\"10\" ><h3 class=\"widget-title\">Comparaison des limites des mat\u00e9riels p\u00e9dagogiques de fractions : Pourquoi Fractionary se d\u00e9marque ? PARTIE 1 \u2b07\ufe0f<\/h3><div style=\"width:100%;\" class=\"wp-video\"><video class=\"wp-video-shortcode\" id=\"video-326-10\" preload=\"metadata\" controls=\"controls\"><source type=\"video\/mp4\" src=\"https:\/\/fractionary.be\/wp-content\/uploads\/2025\/04\/Comparaison-des-limites-des-materiels-pedagogiques-de-fractions-Pourquoi-Fractionary-se-demarque-.mp4?_=10\" \/><source type=\"video\/mp4\" src=\"https:\/\/fractionary.be\/wp-content\/uploads\/2025\/04\/Comparaison-des-limites-des-materiels-pedagogiques-de-fractions-Pourquoi-Fractionary-se-demarque-.mp4?_=10\" \/><a href=\"https:\/\/fractionary.be\/wp-content\/uploads\/2025\/04\/Comparaison-des-limites-des-materiels-pedagogiques-de-fractions-Pourquoi-Fractionary-se-demarque-.mp4\">https:\/\/fractionary.be\/wp-content\/uploads\/2025\/04\/Comparaison-des-limites-des-materiels-pedagogiques-de-fractions-Pourquoi-Fractionary-se-demarque-.mp4<\/a><\/video><\/div><\/div><div id=\"panel-326-1-1-10\" class=\"so-panel widget widget_media_video\" data-index=\"11\" ><h3 class=\"widget-title\">Comparaison des limites des mat\u00e9riels p\u00e9dagogiques de fractions : Pourquoi Fractionary se d\u00e9marque ? PARTIE 2 \u2b07\ufe0f<\/h3><div style=\"width:100%;\" class=\"wp-video\"><video class=\"wp-video-shortcode\" id=\"video-326-11\" preload=\"metadata\" controls=\"controls\"><source type=\"video\/mp4\" src=\"https:\/\/fractionary.be\/wp-content\/uploads\/2025\/04\/Comparaison-des-limites-des-materiels-pedagogiques-de-fractions-Pourquoi-Fractionary-se-demarque-1-1.mp4?_=11\" \/><source type=\"video\/mp4\" src=\"https:\/\/fractionary.be\/wp-content\/uploads\/2025\/04\/Comparaison-des-limites-des-materiels-pedagogiques-de-fractions-Pourquoi-Fractionary-se-demarque-1-1.mp4?_=11\" \/><a href=\"https:\/\/fractionary.be\/wp-content\/uploads\/2025\/04\/Comparaison-des-limites-des-materiels-pedagogiques-de-fractions-Pourquoi-Fractionary-se-demarque-1-1.mp4\">https:\/\/fractionary.be\/wp-content\/uploads\/2025\/04\/Comparaison-des-limites-des-materiels-pedagogiques-de-fractions-Pourquoi-Fractionary-se-demarque-1-1.mp4<\/a><\/video><\/div><\/div><div id=\"panel-326-1-1-11\" class=\"so-panel widget widget_media_video\" data-index=\"12\" ><div class=\"panel-widget-style panel-widget-style-for-326-1-1-11\" ><h3 class=\"widget-title\">Comparaison des limites des mat\u00e9riels p\u00e9dagogiques de fractions : Pourquoi Fractionary se d\u00e9marque PARTIE 3 ? \u2b07\ufe0f<\/h3><div style=\"width:100%;\" class=\"wp-video\"><video class=\"wp-video-shortcode\" id=\"video-326-12\" preload=\"metadata\" controls=\"controls\"><source type=\"video\/mp4\" src=\"https:\/\/fractionary.be\/wp-content\/uploads\/2025\/04\/PARTIE-3.mp4?_=12\" \/><source type=\"video\/mp4\" src=\"https:\/\/fractionary.be\/wp-content\/uploads\/2025\/04\/PARTIE-3.mp4?_=12\" \/><a href=\"https:\/\/fractionary.be\/wp-content\/uploads\/2025\/04\/PARTIE-3.mp4\">https:\/\/fractionary.be\/wp-content\/uploads\/2025\/04\/PARTIE-3.mp4<\/a><\/video><\/div><\/div><\/div><div id=\"panel-326-1-1-12\" class=\"so-panel widget widget_media_video\" data-index=\"13\" ><div class=\"panel-widget-style panel-widget-style-for-326-1-1-12\" ><h3 class=\"widget-title\">Comparaison des limites des mat\u00e9riels p\u00e9dagogiques de fractions : Pourquoi Fractionary se d\u00e9marque ? PARTIE 4 \u2b07\ufe0f<\/h3><div style=\"width:100%;\" class=\"wp-video\"><video class=\"wp-video-shortcode\" id=\"video-326-13\" preload=\"metadata\" controls=\"controls\"><source type=\"video\/mp4\" src=\"https:\/\/fractionary.be\/wp-content\/uploads\/2025\/05\/4Comparaison-des-limites-des-materiels-pedagogiques-de-fractions-Pourquoi-Fractionary-se-demarque.mp4?_=13\" \/><source type=\"video\/mp4\" src=\"https:\/\/fractionary.be\/wp-content\/uploads\/2025\/05\/4Comparaison-des-limites-des-materiels-pedagogiques-de-fractions-Pourquoi-Fractionary-se-demarque.mp4?_=13\" \/><a href=\"https:\/\/fractionary.be\/wp-content\/uploads\/2025\/05\/4Comparaison-des-limites-des-materiels-pedagogiques-de-fractions-Pourquoi-Fractionary-se-demarque.mp4\">https:\/\/fractionary.be\/wp-content\/uploads\/2025\/05\/4Comparaison-des-limites-des-materiels-pedagogiques-de-fractions-Pourquoi-Fractionary-se-demarque.mp4<\/a><\/video><\/div><\/div><\/div><div id=\"panel-326-1-1-13\" class=\"so-panel widget widget_media_video\" data-index=\"14\" ><div class=\"panel-widget-style panel-widget-style-for-326-1-1-13\" ><h3 class=\"widget-title\">quel vocabulaire utiliser avec les blocs ? PARTIE 1\u2b07\ufe0f<\/h3><div style=\"width:100%;\" class=\"wp-video\"><video class=\"wp-video-shortcode\" id=\"video-326-14\" preload=\"metadata\" controls=\"controls\"><source type=\"video\/mp4\" src=\"https:\/\/fractionary.be\/wp-content\/uploads\/2025\/05\/finie-partie-1-nommer.mp4?_=14\" \/><source type=\"video\/mp4\" src=\"https:\/\/fractionary.be\/wp-content\/uploads\/2025\/05\/finie-partie-1-nommer.mp4?_=14\" \/><a href=\"https:\/\/fractionary.be\/wp-content\/uploads\/2025\/05\/finie-partie-1-nommer.mp4\">https:\/\/fractionary.be\/wp-content\/uploads\/2025\/05\/finie-partie-1-nommer.mp4<\/a><\/video><\/div><\/div><\/div><div id=\"panel-326-1-1-14\" class=\"so-panel widget widget_media_video panel-last-child\" data-index=\"15\" ><div class=\"panel-widget-style panel-widget-style-for-326-1-1-14\" ><h3 class=\"widget-title\">quel vocabulaire utiliser avec les blocs ? PARTIE 2\u2b07\ufe0f<\/h3><div style=\"width:100%;\" class=\"wp-video\"><video class=\"wp-video-shortcode\" id=\"video-326-15\" preload=\"metadata\" controls=\"controls\"><source type=\"video\/mp4\" src=\"https:\/\/fractionary.be\/wp-content\/uploads\/2025\/05\/PARTIE-2-NOMMER-LES-BLOCS-PRETE.mp4?_=15\" \/><source type=\"video\/mp4\" src=\"https:\/\/fractionary.be\/wp-content\/uploads\/2025\/05\/PARTIE-2-NOMMER-LES-BLOCS-PRETE.mp4?_=15\" \/><a href=\"https:\/\/fractionary.be\/wp-content\/uploads\/2025\/05\/PARTIE-2-NOMMER-LES-BLOCS-PRETE.mp4\">https:\/\/fractionary.be\/wp-content\/uploads\/2025\/05\/PARTIE-2-NOMMER-LES-BLOCS-PRETE.mp4<\/a><\/video><\/div><\/div><\/div><\/div><div id=\"pgc-326-1-2\"  class=\"panel-grid-cell panel-grid-cell-empty\" ><\/div><\/div><\/div>","protected":false},"excerpt":{"rendered":"<p>\u26a0\ufe0f Plus limpide, plus clair, plus intuitif : la meilleur fa\u00e7on de visionner nos vid\u00e9os, c&#8217;est sur Instagram et Facebook. \ud83d\udc79\u26a0\ufe0f \u2b07\ufe0fhttps:\/\/www.youtube.com\/watch?v=CdQVU4EFRKwA 5 ans \u00c9l\u00e9anore rel\u00e8ve le d\u00e9fi du plateau [&hellip;]<\/p>\n","protected":false},"author":3,"featured_media":0,"parent":100,"menu_order":0,"comment_status":"closed","ping_status":"closed","template":"","meta":{"footnotes":""},"class_list":["post-326","page","type-page","status-publish","hentry"],"jetpack_sharing_enabled":true,"_links":{"self":[{"href":"https:\/\/fractionary.be\/index.php\/wp-json\/wp\/v2\/pages\/326","targetHints":{"allow":["GET"]}}],"collection":[{"href":"https:\/\/fractionary.be\/index.php\/wp-json\/wp\/v2\/pages"}],"about":[{"href":"https:\/\/fractionary.be\/index.php\/wp-json\/wp\/v2\/types\/page"}],"author":[{"embeddable":true,"href":"https:\/\/fractionary.be\/index.php\/wp-json\/wp\/v2\/users\/3"}],"replies":[{"embeddable":true,"href":"https:\/\/fractionary.be\/index.php\/wp-json\/wp\/v2\/comments?post=326"}],"version-history":[{"count":53,"href":"https:\/\/fractionary.be\/index.php\/wp-json\/wp\/v2\/pages\/326\/revisions"}],"predecessor-version":[{"id":502,"href":"https:\/\/fractionary.be\/index.php\/wp-json\/wp\/v2\/pages\/326\/revisions\/502"}],"up":[{"embeddable":true,"href":"https:\/\/fractionary.be\/index.php\/wp-json\/wp\/v2\/pages\/100"}],"wp:attachment":[{"href":"https:\/\/fractionary.be\/index.php\/wp-json\/wp\/v2\/media?parent=326"}],"curies":[{"name":"wp","href":"https:\/\/api.w.org\/{rel}","templated":true}]}}