{"id":64,"date":"2022-05-31T12:28:56","date_gmt":"2022-05-31T10:28:56","guid":{"rendered":"http:\/\/fractionary.be\/?page_id=64"},"modified":"2022-05-31T22:19:58","modified_gmt":"2022-05-31T20:19:58","slug":"presentation","status":"publish","type":"page","link":"https:\/\/fractionary.be\/index.php\/presentation\/","title":{"rendered":"Pr\u00e9sentation"},"content":{"rendered":"<div id=\"pl-64\"  class=\"panel-layout\" ><div id=\"pg-64-0\"  class=\"panel-grid panel-has-style\" ><div class=\"siteorigin-panels-stretch panel-row-style panel-row-style-for-64-0\" data-stretch-type=\"full-stretched\" ><div id=\"pgc-64-0-0\"  class=\"panel-grid-cell\" ><div id=\"panel-64-0-0-0\" class=\"so-panel widget widget_sow-hero panel-first-child panel-last-child\" data-index=\"0\" ><div\n\t\t\t\n\t\t\tclass=\"so-widget-sow-hero so-widget-sow-hero-default-bfff874009b6-64 so-widget-fittext-wrapper\"\n\t\t\t data-fit-text-compressor=\"0.85\"\n\t\t>\t\t\t\t<div class=\"sow-slider-base\" style=\"display: none\" tabindex=\"0\">\n\t\t\t\t\t<ul\n\t\t\t\t\tclass=\"sow-slider-images\"\n\t\t\t\t\tdata-settings=\"{&quot;pagination&quot;:true,&quot;speed&quot;:800,&quot;timeout&quot;:8000,&quot;paused&quot;:false,&quot;pause_on_hover&quot;:false,&quot;swipe&quot;:true,&quot;nav_always_show_desktop&quot;:&quot;&quot;,&quot;nav_always_show_mobile&quot;:&quot;&quot;,&quot;breakpoint&quot;:&quot;780px&quot;,&quot;unmute&quot;:false,&quot;anchor&quot;:null}\"\n\t\t\t\t\tstyle=\"min-height: 455px\"\t\t\t\t\tdata-anchor-id=\"\"\n\t\t\t\t>\t\t<li class=\"sow-slider-image  sow-slider-image-cover\" style=\"visibility: visible;;background-color: #333333\" >\n\t\t\t\t\t<div class=\"sow-slider-image-container\">\n\t\t\t<div class=\"sow-slider-image-wrapper\">\n\t\t\t\t<h1 style=\"text-align: center\">Pr\u00e9sentation<\/h1>\n\t\t\t<\/div>\n\t\t<\/div>\n\t\t<div class=\"sow-slider-image-overlay sow-slider-image-cover\" style=\"opacity: 0.6;background-image: url(https:\/\/layouts.siteorigin.com\/wp-content\/uploads\/2015\/11\/write-593333_1920.jpg)\"  ><\/div>\t\t<\/li>\n\t\t<\/ul>\t\t\t\t<ol class=\"sow-slider-pagination\">\n\t\t\t\t\t\t\t\t\t\t\t<li><a href=\"#\" data-goto=\"0\" aria-label=\"afficher la diapositive 1\"><\/a><\/li>\n\t\t\t\t\t\t\t\t\t<\/ol>\n\n\t\t\t\t<div class=\"sow-slide-nav sow-slide-nav-next\">\n\t\t\t\t\t<a href=\"#\" data-goto=\"next\" aria-label=\"diapositive suivante\" data-action=\"next\">\n\t\t\t\t\t\t<em class=\"sow-sld-icon-thin-right\"><\/em>\n\t\t\t\t\t<\/a>\n\t\t\t\t<\/div>\n\n\t\t\t\t<div class=\"sow-slide-nav sow-slide-nav-prev\">\n\t\t\t\t\t<a href=\"#\" data-goto=\"previous\" aria-label=\"diapositive pr\u00e9c\u00e9dente\" data-action=\"prev\">\n\t\t\t\t\t\t<em class=\"sow-sld-icon-thin-left\"><\/em>\n\t\t\t\t\t<\/a>\n\t\t\t\t<\/div>\n\t\t\t\t<\/div><\/div><\/div><\/div><\/div><\/div><div id=\"pg-64-1\"  class=\"panel-grid panel-has-style\" ><div class=\"siteorigin-panels-stretch panel-row-style panel-row-style-for-64-1\" data-stretch-type=\"full\" ><div id=\"pgc-64-1-0\"  class=\"panel-grid-cell\" ><div id=\"panel-64-1-0-0\" class=\"so-panel widget widget_sow-headline panel-first-child\" data-index=\"1\" ><div\n\t\t\t\n\t\t\tclass=\"so-widget-sow-headline so-widget-sow-headline-default-d9ab2a71bee0-64\"\n\t\t\t\n\t\t><div class=\"sow-headline-container \">\n\t\t\t\t\t\t\t<h2 class=\"sow-headline\">\n\t\t\t\t\t\tQui suis-je ?\t\t\t\t\t\t<\/h2>\n\t\t\t\t\t\t<\/div>\n<\/div><\/div><div id=\"panel-64-1-0-1\" class=\"so-panel widget widget_sow-editor panel-last-child\" data-index=\"2\" ><div\n\t\t\t\n\t\t\tclass=\"so-widget-sow-editor so-widget-sow-editor-base\"\n\t\t\t\n\t\t>\n<div class=\"siteorigin-widget-tinymce textwidget\">\n\t<p>En tant qu\u2019instituteur \u00e0 l\u2019\u00c9cole Saint Pie X d\u2019Ottignies-Louvain-la-Neuve, je me suis heurt\u00e9 durant de nombreuses ann\u00e9es \u00e0 des murs d\u2019incompr\u00e9hension chez une part de mes \u00e9l\u00e8ves. Cela allait de la perception de l\u2019espace \u00e0\u00a0la grammaire, en passant par les fractions. Ne supportant pas\u00a0cette situation, j'ai d\u00e9cid\u00e9 de relever\u00a0le d\u00e9fi de chercher et concevoir des outils\u00a0p\u00e9dagogiques, leur\u00a0permettant de d\u00e9velopper en eux toutes les bonnes bases n\u00e9cessaires \u00e0 la compr\u00e9hension de nombreuses notions.<\/p>\n<p>Des explications\u00a0par des mots et des pr\u00e9sentations au tableau ne suffisant pas, j\u2019ai donc emprunt\u00e9 d\u2019autres pistes pour cr\u00e9er du\u00a0mat\u00e9riel tactile et kinesth\u00e9sique, amusant et pratique. Cela fait de nombreuses ann\u00e9es que j\u2019en d\u00e9veloppe les usages. J'utilise \u00e9galement d'autres jeux et mat\u00e9riels d\u00e9couverts dans des boutiques\u00a0sp\u00e9cialis\u00e9es.<\/p>\n<p>J'ai co-fond\u00e9 Fractionary sprl, l'asbl Ludus d'Ottignies, travaill\u00e9 en collaboration avec Scienceinfuse et La maison des maths et effectu\u00e9 mes recherches, travaux et formations dans plusieurs pays, notamment la France, le Qu\u00e9bec, l\u2019Espagne et l\u2019Allemagne.<\/p>\n<p>L'objectif\u00a0est maintenant de vous faire d\u00e9couvrir l'univers de youpiegame pour que vous aussi\u00a0puissiez pleinement en profiter.<\/p>\n<p>Je vous souhaite une bonne d\u00e9couverte et un excellent parcours !<\/p>\n<p style=\"text-align: right;\">Marc Pecheny<\/p>\n<\/div>\n<\/div><\/div><\/div><div id=\"pgc-64-1-1\"  class=\"panel-grid-cell\" ><div id=\"panel-64-1-1-0\" class=\"so-panel widget widget_sow-headline panel-first-child\" data-index=\"3\" ><div\n\t\t\t\n\t\t\tclass=\"so-widget-sow-headline so-widget-sow-headline-default-d9ab2a71bee0-64\"\n\t\t\t\n\t\t><div class=\"sow-headline-container \">\n\t\t\t\t\t\t\t<h2 class=\"sow-headline\">\n\t\t\t\t\t\tQu'est-ce que le fractionary ?\t\t\t\t\t\t<\/h2>\n\t\t\t\t\t\t<\/div>\n<\/div><\/div><div id=\"panel-64-1-1-1\" class=\"so-panel widget widget_sow-editor panel-last-child\" data-index=\"4\" ><div\n\t\t\t\n\t\t\tclass=\"so-widget-sow-editor so-widget-sow-editor-base\"\n\t\t\t\n\t\t>\n<div class=\"siteorigin-widget-tinymce textwidget\">\n\t<p>C'est une m\u00e9thode <strong>\u00e9volutive <\/strong>d\u2019apprentissage de la g\u00e9om\u00e9trie spatiale et des fractions, qui\u00a0se divise en plusieurs stades.<\/p>\n<p>Le premier consiste surtout \u00e0 <strong>manipuler<\/strong> les blocs pour le plaisir, sans penser aux fractions. Construisez des oiseaux, des motos, des chats... \u00c0 ce moment-l\u00e0, les fractions n'ont aucune importance mais elles sont pr\u00e9sentes, cach\u00e9es partout. Vous remplacez par exemple un bloc orange par trois rouges... ( 1\/1 = 3\/3 ) Vous remplacez un rouge par 4 roses \u2026 ( 1\/3 = 4\/12 ), Avec les blocs-fractions, jouez donc \u00e0 changer les formes et les couleurs.<\/p>\n<p>Ces premi\u00e8res manipulations sont\u00a0<strong>in-dis-pensables<\/strong>\u00a0mais n'\u00e9clairent pas toutes les notions en fraction.<\/p>\n<p>Aux stades suivants, les activit\u00e9s de manipulation \u00e9voluent pour <strong>expliquer<\/strong> les noms en fractions (ajouter des d\u00e9s...), les \u00e9quivalences, les additions, les transformations par la division (ajouter des cartes, des plateaux...).<\/p>\n<p>Le Fractionary cache bien son jeu car il est aussi un organisateur de connaissances en g\u00e9om\u00e9trie, en probl\u00e8me de temps, de vitesse, de r\u00e8gle de 3, en compr\u00e9hension d'abaques pour les mesures de grandeurs ( poids, capacit\u00e9s, longueurs, surfaces, \u2026 ), en combinaisons de donn\u00e9es et autres notions math\u00e9matiques,<\/p>\n<p>&nbsp;<\/p>\n<\/div>\n<\/div><\/div><\/div><\/div><\/div><\/div>","protected":false},"excerpt":{"rendered":"<p>En tant qu\u2019instituteur \u00e0 l\u2019\u00c9cole Saint Pie X d\u2019Ottignies-Louvain-la-Neuve, je me suis heurt\u00e9 durant de nombreuses ann\u00e9es \u00e0 des murs d\u2019incompr\u00e9hension chez une part de mes \u00e9l\u00e8ves. Cela allait de [&hellip;]<\/p>\n","protected":false},"author":2,"featured_media":0,"parent":0,"menu_order":0,"comment_status":"closed","ping_status":"closed","template":"","meta":{"footnotes":""},"class_list":["post-64","page","type-page","status-publish","hentry"],"jetpack_sharing_enabled":true,"_links":{"self":[{"href":"https:\/\/fractionary.be\/index.php\/wp-json\/wp\/v2\/pages\/64","targetHints":{"allow":["GET"]}}],"collection":[{"href":"https:\/\/fractionary.be\/index.php\/wp-json\/wp\/v2\/pages"}],"about":[{"href":"https:\/\/fractionary.be\/index.php\/wp-json\/wp\/v2\/types\/page"}],"author":[{"embeddable":true,"href":"https:\/\/fractionary.be\/index.php\/wp-json\/wp\/v2\/users\/2"}],"replies":[{"embeddable":true,"href":"https:\/\/fractionary.be\/index.php\/wp-json\/wp\/v2\/comments?post=64"}],"version-history":[{"count":5,"href":"https:\/\/fractionary.be\/index.php\/wp-json\/wp\/v2\/pages\/64\/revisions"}],"predecessor-version":[{"id":99,"href":"https:\/\/fractionary.be\/index.php\/wp-json\/wp\/v2\/pages\/64\/revisions\/99"}],"wp:attachment":[{"href":"https:\/\/fractionary.be\/index.php\/wp-json\/wp\/v2\/media?parent=64"}],"curies":[{"name":"wp","href":"https:\/\/api.w.org\/{rel}","templated":true}]}}