{"id":122,"date":"2022-06-07T10:30:25","date_gmt":"2022-06-07T08:30:25","guid":{"rendered":"http:\/\/fractionary.be\/?post_type=product&#038;p=122"},"modified":"2024-12-18T11:25:52","modified_gmt":"2024-12-18T10:25:52","slug":"nom-du-produit-boite-fractio-2","status":"publish","type":"product","link":"https:\/\/fractionary.be\/index.php\/produit\/nom-du-produit-boite-fractio-2\/","title":{"rendered":"La bo\u00eete de 65 blocs en adh\u00e9ragom"},"content":{"rendered":"<p>Plus d&#8217;informations prochainement !<\/p>\n","protected":false},"excerpt":{"rendered":"<p>+ 1 guide g\u00e9n\u00e9ral de 24 A4 couleurs,<br \/>\n+ 60 cartes de mod\u00e8les de Tangram, pour des ateliers de 6 \u00e9l\u00e8ves.<br \/>\n+ 72 mod\u00e8les qui tiennent debout.<br \/>\nLes blocs en adh\u00e9ragom ont 3 cm d&#8217;\u00e9paisseur et 6 cm d&#8217;ar\u00eates.<\/p>\n","protected":false},"featured_media":149,"comment_status":"open","ping_status":"closed","template":"","meta":[],"product_cat":[21],"product_tag":[],"class_list":{"0":"post-122","1":"product","2":"type-product","3":"status-publish","4":"has-post-thumbnail","6":"product_cat-fractionary","8":"first","9":"instock","10":"featured","11":"taxable","12":"shipping-taxable","13":"purchasable","14":"product-type-simple","15":"berocket_lgv_grid","16":"berocket_lgv_list_grid"},"jetpack_sharing_enabled":true,"_links":{"self":[{"href":"https:\/\/fractionary.be\/index.php\/wp-json\/wp\/v2\/product\/122","targetHints":{"allow":["GET"]}}],"collection":[{"href":"https:\/\/fractionary.be\/index.php\/wp-json\/wp\/v2\/product"}],"about":[{"href":"https:\/\/fractionary.be\/index.php\/wp-json\/wp\/v2\/types\/product"}],"replies":[{"embeddable":true,"href":"https:\/\/fractionary.be\/index.php\/wp-json\/wp\/v2\/comments?post=122"}],"wp:featuredmedia":[{"embeddable":true,"href":"https:\/\/fractionary.be\/index.php\/wp-json\/wp\/v2\/media\/149"}],"wp:attachment":[{"href":"https:\/\/fractionary.be\/index.php\/wp-json\/wp\/v2\/media?parent=122"}],"wp:term":[{"taxonomy":"product_cat","embeddable":true,"href":"https:\/\/fractionary.be\/index.php\/wp-json\/wp\/v2\/product_cat?post=122"},{"taxonomy":"product_tag","embeddable":true,"href":"https:\/\/fractionary.be\/index.php\/wp-json\/wp\/v2\/product_tag?post=122"}],"curies":[{"name":"wp","href":"https:\/\/api.w.org\/{rel}","templated":true}]}}