{"id":171,"date":"2024-02-24T15:31:13","date_gmt":"2024-02-24T14:31:13","guid":{"rendered":"http:\/\/fractionary.be\/?post_type=product&#038;p=171"},"modified":"2025-02-25T13:37:06","modified_gmt":"2025-02-25T12:37:06","slug":"fractionary-ad5-pour-enfant-adolescent-et-adulte-mathematiques-geometrie-fractions-version-33-blocs-en-adheragom-epaisseur-3cm-cotes-6cm","status":"publish","type":"product","link":"https:\/\/fractionary.be\/index.php\/produit\/fractionary-ad5-pour-enfant-adolescent-et-adulte-mathematiques-geometrie-fractions-version-33-blocs-en-adheragom-epaisseur-3cm-cotes-6cm\/","title":{"rendered":"Fractionary AD5, pour Enfant, Adolescent et Adulte (Math\u00e9matiques, G\u00e9om\u00e9trie, Fractions). Version 33 Blocs en Adh\u00e9ragom, Epaisseur 3cm\/C\u00f4t\u00e9s 6cm."},"content":{"rendered":"<p>Les jeux \u00e9ducatifs Fractionary sont des jeux con\u00e7us pour guider les \u00e9l\u00e8ves dans leur compr\u00e9hension et leur maitrise des fractions et de la g\u00e9om\u00e9trie. Ils peuvent prendre de nombreuses formes, allant de jeux de blocs \u00e0 des jeux de cartes, des activit\u00e9s en ligne ou des jeux de plateaux. FRACTIONARY peut aussi s&#8217;appeler GEOMINARY.<\/p>\n<p>Tous les jeux sont bas\u00e9s sur 8 figures diff\u00e9rentes de g\u00e9om\u00e9trie. Commencer par manipuler les 8 blocs Fractionary est indispensable pour installer des connaissances dans les m\u00e9moires tactiles et kinesth\u00e9siques.<\/p>\n<p>Les jeux \u00e9ducatifs Fractionary sont bas\u00e9s sur des moteurs ludiques vari\u00e9s. Ils d\u00e9veloppent de multiples concepts math\u00e9matiques. Ils sont adapt\u00e9s \u00e0 diff\u00e9rents niveaux de comp\u00e9tence et sont toujours con\u00e7us pour \u00eatre amusants afin de maintenir l&#8217;attention des \u00e9l\u00e8ves et de les inciter \u00e0 apprendre en jouant.<\/p>\n<p>En plus de permettre aux \u00e9l\u00e8ves de se familiariser avec les fractions et la g\u00e9om\u00e9trie, les jeux \u00e9ducatifs Fractionary peuvent \u00e9galement aider la pens\u00e9e critique et la r\u00e9solution de probl\u00e8mes. Ils sont utilis\u00e9s en classe et \u00e0 la maison.<\/p>\n","protected":false},"excerpt":{"rendered":"<p>+ 1 guide g\u00e9n\u00e9ral de 24 A4 couleurs,<br \/>\n+ 60 cartes de mod\u00e8les de Tangram, pour des ateliers de 6 \u00e9l\u00e8ves.<br \/>\n+ 72 mod\u00e8les qui tiennent debout.<br \/>\nLes blocs en adh\u00e9ragom ont 3 cm d&#8217;\u00e9paisseur et 6 cm d&#8217;ar\u00eates.<\/p>\n","protected":false},"featured_media":174,"comment_status":"open","ping_status":"closed","template":"","meta":[],"product_cat":[21],"product_tag":[],"class_list":{"0":"post-171","1":"product","2":"type-product","3":"status-publish","4":"has-post-thumbnail","6":"product_cat-fractionary","8":"first","9":"instock","10":"featured","11":"taxable","12":"shipping-taxable","13":"purchasable","14":"product-type-simple","15":"berocket_lgv_grid","16":"berocket_lgv_list_grid"},"jetpack_sharing_enabled":true,"_links":{"self":[{"href":"https:\/\/fractionary.be\/index.php\/wp-json\/wp\/v2\/product\/171","targetHints":{"allow":["GET"]}}],"collection":[{"href":"https:\/\/fractionary.be\/index.php\/wp-json\/wp\/v2\/product"}],"about":[{"href":"https:\/\/fractionary.be\/index.php\/wp-json\/wp\/v2\/types\/product"}],"replies":[{"embeddable":true,"href":"https:\/\/fractionary.be\/index.php\/wp-json\/wp\/v2\/comments?post=171"}],"wp:featuredmedia":[{"embeddable":true,"href":"https:\/\/fractionary.be\/index.php\/wp-json\/wp\/v2\/media\/174"}],"wp:attachment":[{"href":"https:\/\/fractionary.be\/index.php\/wp-json\/wp\/v2\/media?parent=171"}],"wp:term":[{"taxonomy":"product_cat","embeddable":true,"href":"https:\/\/fractionary.be\/index.php\/wp-json\/wp\/v2\/product_cat?post=171"},{"taxonomy":"product_tag","embeddable":true,"href":"https:\/\/fractionary.be\/index.php\/wp-json\/wp\/v2\/product_tag?post=171"}],"curies":[{"name":"wp","href":"https:\/\/api.w.org\/{rel}","templated":true}]}}