{"id":184,"date":"2024-03-05T19:23:54","date_gmt":"2024-03-05T18:23:54","guid":{"rendered":"http:\/\/fractionary.be\/?post_type=product&#038;p=184"},"modified":"2025-12-13T23:20:09","modified_gmt":"2025-12-13T22:20:09","slug":"fractionary-ad3-pour-enfant-adolescent-et-adulte-mathematiques-geometrie-fractions-version-32-blocs-en-adheragom-epaisseur-2cm-cotes-4cm","status":"publish","type":"product","link":"https:\/\/fractionary.be\/index.php\/produit\/fractionary-ad3-pour-enfant-adolescent-et-adulte-mathematiques-geometrie-fractions-version-32-blocs-en-adheragom-epaisseur-2cm-cotes-4cm\/","title":{"rendered":"Fractionary AD3 , pour Enfant, Adolescent et Adulte (Math\u00e9matiques, G\u00e9om\u00e9trie, Fractions). version 32 blocs en Adh\u00e9ragom, Epaisseur 2cm\/C\u00f4t\u00e9s 4cm."},"content":{"rendered":"<p>Vous voulez donner \u00e0 votre enfant un avantage en math\u00e9matiques tout en s&#8217;amusant? Essayez Fractionary, le jeu \u00e9ducatif qui rend les fractions et les probl\u00e8mes amusants et faciles \u00e0 comprendre! Avec des graphismes color\u00e9s et des d\u00e9fis stimulants, votre enfant apprendra les concepts de base des fractions de mani\u00e8re interactive. Les niveaux de difficult\u00e9 croissants garantissent que les comp\u00e9tences de votre enfant \u00e9volueront \u00e0 mesure qu&#8217;il progresse dans le jeu. Fractionary est un outil id\u00e9al pour renforcer les comp\u00e9tences math\u00e9matiques de votre enfant et lui donner confiance en ses capacit\u00e9s. Essayez-le maintenant et donnez \u00e0 votre enfant l&#8217;avantage dont il a besoin pour r\u00e9ussir en math\u00e9matiques!&#8221;<\/p>\n","protected":false},"excerpt":{"rendered":"<p>Vous voulez donner \u00e0 votre enfant un avantage en math\u00e9matiques tout en s&#8217;amusant? Essayez Fractionary, le jeu \u00e9ducatif qui rend les fractions et les probl\u00e8mes amusants et faciles \u00e0 comprendre! [&hellip;]<\/p>\n","protected":false},"featured_media":185,"comment_status":"open","ping_status":"closed","template":"","meta":[],"product_cat":[21],"product_tag":[],"class_list":{"0":"post-184","1":"product","2":"type-product","3":"status-publish","4":"has-post-thumbnail","6":"product_cat-fractionary","8":"first","9":"instock","10":"taxable","11":"shipping-taxable","12":"purchasable","13":"product-type-simple","14":"berocket_lgv_grid","15":"berocket_lgv_list_grid"},"jetpack_sharing_enabled":true,"_links":{"self":[{"href":"https:\/\/fractionary.be\/index.php\/wp-json\/wp\/v2\/product\/184","targetHints":{"allow":["GET"]}}],"collection":[{"href":"https:\/\/fractionary.be\/index.php\/wp-json\/wp\/v2\/product"}],"about":[{"href":"https:\/\/fractionary.be\/index.php\/wp-json\/wp\/v2\/types\/product"}],"replies":[{"embeddable":true,"href":"https:\/\/fractionary.be\/index.php\/wp-json\/wp\/v2\/comments?post=184"}],"wp:featuredmedia":[{"embeddable":true,"href":"https:\/\/fractionary.be\/index.php\/wp-json\/wp\/v2\/media\/185"}],"wp:attachment":[{"href":"https:\/\/fractionary.be\/index.php\/wp-json\/wp\/v2\/media?parent=184"}],"wp:term":[{"taxonomy":"product_cat","embeddable":true,"href":"https:\/\/fractionary.be\/index.php\/wp-json\/wp\/v2\/product_cat?post=184"},{"taxonomy":"product_tag","embeddable":true,"href":"https:\/\/fractionary.be\/index.php\/wp-json\/wp\/v2\/product_tag?post=184"}],"curies":[{"name":"wp","href":"https:\/\/api.w.org\/{rel}","templated":true}]}}