{"id":271,"date":"2024-05-29T22:49:48","date_gmt":"2024-05-29T20:49:48","guid":{"rendered":"https:\/\/fractionary.be\/?post_type=product&#038;p=271"},"modified":"2025-09-21T18:11:00","modified_gmt":"2025-09-21T16:11:00","slug":"akiba","status":"publish","type":"product","link":"https:\/\/fractionary.be\/index.php\/produit\/akiba\/","title":{"rendered":"Akiba"},"content":{"rendered":"<p>Le jeu de r\u00e9flexion AKIBA est une exp\u00e9rience captivante qui combine strat\u00e9gie et dext\u00e9rit\u00e9 avec \u00e9l\u00e9gance. Sur un plateau de jeu sophistiqu\u00e9, disposez et d\u00e9placez des billes color\u00e9es pour r\u00e9soudre des puzzles et cr\u00e9er des motifs sp\u00e9cifiques. Chaque mouvement doit \u00eatre soigneusement planifi\u00e9, offrant un d\u00e9fi intellectuel stimulant et satisfaisant.<\/p>\n<p>Avec des niveaux de difficult\u00e9 croissants, AKIBA s&#8217;adapte aussi bien aux d\u00e9butants qu&#8217;aux experts, rendant chaque partie unique et engageante. Id\u00e9al pour des soir\u00e9es en famille ou entre amis, ce jeu promet des heures de divertissement et de stimulation mentale. Laissez-vous s\u00e9duire par l&#8217;univers d&#8217;AKIBA et red\u00e9couvrez le plaisir des jeux de r\u00e9flexion.<\/p>\n","protected":false},"excerpt":{"rendered":"<p>AKIBA n&#8217;est pas juste un jeu, c&#8217;est une exp\u00e9rience strat\u00e9gique qui mettra \u00e0 l&#8217;\u00e9preuve votre capacit\u00e9 \u00e0 planifier et \u00e0 anticiper. Si vous recherchez un d\u00e9fi intellectuel et des parties riches en rebondissements, AKIBA est fait pour vous. Embarquez d\u00e8s maintenant dans cette aventure captivante et devenez le ma\u00eetre d&#8217;AKIBA !<\/p>\n","protected":false},"featured_media":264,"comment_status":"open","ping_status":"closed","template":"","meta":[],"product_cat":[21],"product_tag":[],"class_list":{"0":"post-271","1":"product","2":"type-product","3":"status-publish","4":"has-post-thumbnail","6":"product_cat-fractionary","8":"first","9":"instock","10":"taxable","11":"shipping-taxable","12":"purchasable","13":"product-type-simple","14":"berocket_lgv_grid","15":"berocket_lgv_list_grid"},"jetpack_sharing_enabled":true,"_links":{"self":[{"href":"https:\/\/fractionary.be\/index.php\/wp-json\/wp\/v2\/product\/271","targetHints":{"allow":["GET"]}}],"collection":[{"href":"https:\/\/fractionary.be\/index.php\/wp-json\/wp\/v2\/product"}],"about":[{"href":"https:\/\/fractionary.be\/index.php\/wp-json\/wp\/v2\/types\/product"}],"replies":[{"embeddable":true,"href":"https:\/\/fractionary.be\/index.php\/wp-json\/wp\/v2\/comments?post=271"}],"wp:featuredmedia":[{"embeddable":true,"href":"https:\/\/fractionary.be\/index.php\/wp-json\/wp\/v2\/media\/264"}],"wp:attachment":[{"href":"https:\/\/fractionary.be\/index.php\/wp-json\/wp\/v2\/media?parent=271"}],"wp:term":[{"taxonomy":"product_cat","embeddable":true,"href":"https:\/\/fractionary.be\/index.php\/wp-json\/wp\/v2\/product_cat?post=271"},{"taxonomy":"product_tag","embeddable":true,"href":"https:\/\/fractionary.be\/index.php\/wp-json\/wp\/v2\/product_tag?post=271"}],"curies":[{"name":"wp","href":"https:\/\/api.w.org\/{rel}","templated":true}]}}