{"id":68,"date":"2022-05-31T15:47:22","date_gmt":"2022-05-31T13:47:22","guid":{"rendered":"http:\/\/fractionary.be\/?post_type=product&#038;p=68"},"modified":"2026-02-22T10:10:15","modified_gmt":"2026-02-22T09:10:15","slug":"nom-du-produit-boite-fractio-1","status":"publish","type":"product","link":"https:\/\/fractionary.be\/index.php\/produit\/nom-du-produit-boite-fractio-1\/","title":{"rendered":"Plateau Papillon &#8211; 65 blocs"},"content":{"rendered":"<p>+ d&#8217;informations prochainement.<\/p>\n","protected":false},"excerpt":{"rendered":"<p>1 plateau &#8220;papillon&#8221; contenant 65 blocs Fractionary ( 8 figures g\u00e9om\u00e9triques diff\u00e9rentes, fractions les unes des autres ),<br \/>\n+ 1 guide g\u00e9n\u00e9ral de 24 A4 couleurs.<br \/>\nLes blocs sont en bois de 1 cm d&#8217;\u00e9paisseur et 3 cm d&#8217;ar\u00eates.<br \/>\nVus de haut, le triangle jaune a 3 ar\u00eates de 3 cm, le losange rouge a 4 ar\u00eates de 3 cm, l&#8217;hexagone orange a 6 ar\u00eates de 3 cm, etc &#8230;<br \/>\nLe plateau est en mousse de 7 mm d&#8217;\u00e9paisseur coll\u00e9 sur 1 fond plastique rigide.<br \/>\nLes 17 alv\u00e9oles du plateau contiennent les 65 blocs et permettent de multiples recherches et manipulations.<\/p>\n","protected":false},"featured_media":147,"comment_status":"open","ping_status":"closed","template":"","meta":[],"product_cat":[21],"product_tag":[],"class_list":{"0":"post-68","1":"product","2":"type-product","3":"status-publish","4":"has-post-thumbnail","6":"product_cat-fractionary","8":"first","9":"instock","10":"featured","11":"taxable","12":"shipping-taxable","13":"purchasable","14":"product-type-simple","15":"berocket_lgv_grid","16":"berocket_lgv_list_grid"},"jetpack_sharing_enabled":true,"_links":{"self":[{"href":"https:\/\/fractionary.be\/index.php\/wp-json\/wp\/v2\/product\/68","targetHints":{"allow":["GET"]}}],"collection":[{"href":"https:\/\/fractionary.be\/index.php\/wp-json\/wp\/v2\/product"}],"about":[{"href":"https:\/\/fractionary.be\/index.php\/wp-json\/wp\/v2\/types\/product"}],"replies":[{"embeddable":true,"href":"https:\/\/fractionary.be\/index.php\/wp-json\/wp\/v2\/comments?post=68"}],"wp:featuredmedia":[{"embeddable":true,"href":"https:\/\/fractionary.be\/index.php\/wp-json\/wp\/v2\/media\/147"}],"wp:attachment":[{"href":"https:\/\/fractionary.be\/index.php\/wp-json\/wp\/v2\/media?parent=68"}],"wp:term":[{"taxonomy":"product_cat","embeddable":true,"href":"https:\/\/fractionary.be\/index.php\/wp-json\/wp\/v2\/product_cat?post=68"},{"taxonomy":"product_tag","embeddable":true,"href":"https:\/\/fractionary.be\/index.php\/wp-json\/wp\/v2\/product_tag?post=68"}],"curies":[{"name":"wp","href":"https:\/\/api.w.org\/{rel}","templated":true}]}}